{"id":832,"date":"2025-10-14T18:05:53","date_gmt":"2025-10-14T18:05:53","guid":{"rendered":"https:\/\/spanishwithnuri.com\/?post_type=product&#038;p=832"},"modified":"2025-10-14T18:05:53","modified_gmt":"2025-10-14T18:05:53","slug":"pack-por-y-para-17-ejercicios-completos-con-soluciones","status":"publish","type":"product","link":"https:\/\/spanishwithnuri.com\/en\/product\/pack-por-y-para-17-ejercicios-completos-con-soluciones\/","title":{"rendered":"Pack \u201cPor y para\u201d \u2013 17 ejercicios completos con soluciones"},"content":{"rendered":"<h2 data-start=\"244\" data-end=\"312\">\ud83e\ude75 <strong data-start=\"250\" data-end=\"312\">Pack \u201cPor y para\u201d \u2013 17 ejercicios completos con soluciones<\/strong><\/h2>\n<p data-start=\"314\" data-end=\"601\">Domina el uso de las preposiciones <strong data-start=\"349\" data-end=\"356\">por<\/strong> y <strong data-start=\"359\" data-end=\"367\">para<\/strong> con este pack cuidadosamente dise\u00f1ado para estudiantes de nivel <strong data-start=\"432\" data-end=\"441\">A2\u2013B1<\/strong>.<br data-start=\"442\" data-end=\"445\" \/>Incluye <strong data-start=\"453\" data-end=\"482\">17 ejercicios progresivos<\/strong> que te ayudar\u00e1n a entender los distintos significados y contextos de <em data-start=\"552\" data-end=\"557\">por<\/em> y <em data-start=\"560\" data-end=\"566\">para<\/em> de forma pr\u00e1ctica, visual y amena.<\/p>\n<hr data-start=\"603\" data-end=\"606\" \/>\n<h3 data-start=\"608\" data-end=\"647\">\ud83d\udcd8 <strong data-start=\"615\" data-end=\"647\">Qu\u00e9 encontrar\u00e1s en este pack<\/strong><\/h3>\n<ul data-start=\"648\" data-end=\"1034\">\n<li data-start=\"648\" data-end=\"774\">\n<p data-start=\"650\" data-end=\"774\">Actividades variadas: elecci\u00f3n m\u00faltiple, completar huecos, correcci\u00f3n de errores, mini di\u00e1logos y textos contextualizados.<\/p>\n<\/li>\n<li data-start=\"775\" data-end=\"901\">\n<p data-start=\"777\" data-end=\"901\">Ejercicios de asociaci\u00f3n con <strong data-start=\"806\" data-end=\"827\">im\u00e1genes mentales<\/strong> (\ud83d\udc8c \ud83c\udfa8 \ud83d\udcc5 \ud83d\udd01 \ud83d\udce2 \ud83e\udded \ud83c\udf81) para consolidar el aprendizaje de manera visual.<\/p>\n<\/li>\n<li data-start=\"902\" data-end=\"971\">\n<p data-start=\"904\" data-end=\"971\">Mini historia final para aplicar <em data-start=\"937\" data-end=\"942\">por<\/em> y <em data-start=\"945\" data-end=\"951\">para<\/em> en contexto real.<\/p>\n<\/li>\n<li data-start=\"972\" data-end=\"1034\">\n<p data-start=\"974\" data-end=\"1034\">Secci\u00f3n completa de <strong data-start=\"994\" data-end=\"1008\">soluciones<\/strong> al final del documento.<\/p>\n<\/li>\n<\/ul>\n<hr data-start=\"1036\" data-end=\"1039\" \/>\n<h3 data-start=\"1041\" data-end=\"1072\">\ud83d\udca1 <strong data-start=\"1048\" data-end=\"1072\">Por qu\u00e9 te encantar\u00e1<\/strong><\/h3>\n<p data-start=\"1073\" data-end=\"1353\">Este pack te permitir\u00e1:<br data-start=\"1096\" data-end=\"1099\" \/>\u2714\ufe0f Diferenciar claramente los usos principales de <em data-start=\"1149\" data-end=\"1154\">por<\/em> y <em data-start=\"1157\" data-end=\"1163\">para<\/em>.<br data-start=\"1164\" data-end=\"1167\" \/>\u2714\ufe0f Aprender con ejemplos reales y situaciones cotidianas.<br data-start=\"1224\" data-end=\"1227\" \/>\u2714\ufe0f Practicar a tu ritmo, con materiales de calidad y estilo cuidado.<br data-start=\"1295\" data-end=\"1298\" \/>\u2714\ufe0f Trabajar tanto en clase como de forma autodidacta.<\/p>\n<hr data-start=\"1355\" data-end=\"1358\" \/>\n<h3 data-start=\"1360\" data-end=\"1391\">\u2728 <strong data-start=\"1366\" data-end=\"1391\">Detalles del producto<\/strong><\/h3>\n<ul data-start=\"1392\" data-end=\"1544\">\n<li data-start=\"1392\" data-end=\"1420\">\n<p data-start=\"1394\" data-end=\"1420\">Formato: PDF descargable<\/p>\n<\/li>\n<li data-start=\"1421\" data-end=\"1453\">\n<p data-start=\"1423\" data-end=\"1453\">Extensi\u00f3n: m\u00e1s de 20 p\u00e1ginas<\/p>\n<\/li>\n<li data-start=\"1454\" data-end=\"1482\">\n<p data-start=\"1456\" data-end=\"1482\">Nivel recomendado: A2\u2013B1<\/p>\n<\/li>\n<li data-start=\"1483\" data-end=\"1521\">\n<p data-start=\"1485\" data-end=\"1521\">Dise\u00f1ado por <strong data-start=\"1498\" data-end=\"1519\">Spanish with Nuri<\/strong><\/p>\n<\/li>\n<li data-start=\"1522\" data-end=\"1544\">\n<p data-start=\"1524\" data-end=\"1544\">Precio: <strong data-start=\"1532\" data-end=\"1542\">1,99 \u20ac<\/strong><\/p>\n<\/li>\n<\/ul>\n<hr data-start=\"1546\" data-end=\"1549\" \/>\n<h3 data-start=\"1551\" data-end=\"1581\">\ud83c\udf37 <strong data-start=\"1558\" data-end=\"1581\">Consejo de la profe<\/strong><\/h3>\n<p data-start=\"1582\" data-end=\"1797\">Este pack es ideal para repasar en profundidad o reforzar lo aprendido en clase. Si lo combinas con tus propios ejemplos orales, notar\u00e1s enseguida la diferencia: <em data-start=\"1744\" data-end=\"1749\">por<\/em> y <em data-start=\"1752\" data-end=\"1758\">para<\/em> dejar\u00e1n de confundirte para siempre.<\/p>","protected":false},"excerpt":{"rendered":"<p>Aprende a usar <strong data-start=\"224\" data-end=\"231\">por<\/strong> y <strong data-start=\"234\" data-end=\"242\">para<\/strong> con este pack completo de 17 ejercicios y soluciones.<br data-start=\"296\" data-end=\"299\" \/>Incluye di\u00e1logos, mini historias y actividades visuales ideales para niveles <strong data-start=\"378\" data-end=\"387\">A2\u2013B1<\/strong>.<\/p>","protected":false},"featured_media":834,"comment_status":"open","ping_status":"closed","template":"","meta":[],"product_brand":[],"product_cat":[15],"product_tag":[24,23,26,27,25,28],"class_list":{"0":"post-832","1":"product","2":"type-product","3":"status-publish","4":"has-post-thumbnail","6":"product_cat-sin-categorizar","7":"product_tag-ejercicios","8":"product_tag-nivel-a1","9":"product_tag-nivel-a2","10":"product_tag-nivel-b1","11":"product_tag-pdf","12":"product_tag-por-y-para","14":"first","15":"instock","16":"downloadable","17":"virtual","18":"purchasable","19":"product-type-simple"},"yoast_head":"<!-- This site is optimized with the Yoast SEO plugin v27.3 - https:\/\/yoast.com\/product\/yoast-seo-wordpress\/ -->\n<title>Pack \u201cPor y para\u201d \u2013 17 ejercicios completos con soluciones - Spanish with Nuri<\/title>\n<meta name=\"robots\" content=\"index, follow, max-snippet:-1, max-image-preview:large, max-video-preview:-1\" \/>\n<link rel=\"canonical\" href=\"https:\/\/spanishwithnuri.com\/en\/product\/pack-por-y-para-17-ejercicios-completos-con-soluciones\/\" \/>\n<meta property=\"og:locale\" content=\"en_GB\" \/>\n<meta property=\"og:type\" content=\"article\" \/>\n<meta property=\"og:title\" content=\"Pack \u201cPor y para\u201d \u2013 17 ejercicios completos con soluciones - Spanish with Nuri\" \/>\n<meta property=\"og:description\" content=\"Aprende a usar por y para con este pack completo de 17 ejercicios y soluciones.Incluye di\u00e1logos, mini historias y actividades visuales ideales para niveles A2\u2013B1.\" \/>\n<meta property=\"og:url\" content=\"https:\/\/spanishwithnuri.com\/en\/product\/pack-por-y-para-17-ejercicios-completos-con-soluciones\/\" \/>\n<meta property=\"og:site_name\" content=\"Spanish with Nuri\" \/>\n<meta property=\"og:image\" content=\"https:\/\/spanishwithnuri.com\/wp-content\/uploads\/2025\/10\/Portada_Por_y_Para.jpg\" \/>\n\t<meta property=\"og:image:width\" content=\"1365\" \/>\n\t<meta property=\"og:image:height\" content=\"2047\" \/>\n\t<meta property=\"og:image:type\" content=\"image\/jpeg\" \/>\n<meta name=\"twitter:card\" content=\"summary_large_image\" \/>\n<meta name=\"twitter:label1\" content=\"Estimated reading time\" \/>\n\t<meta name=\"twitter:data1\" content=\"2 minutes\" \/>\n<script type=\"application\/ld+json\" class=\"yoast-schema-graph\">{\"@context\":\"https:\\\/\\\/schema.org\",\"@graph\":[{\"@type\":\"WebPage\",\"@id\":\"https:\\\/\\\/spanishwithnuri.com\\\/producto\\\/pack-por-y-para-17-ejercicios-completos-con-soluciones\\\/\",\"url\":\"https:\\\/\\\/spanishwithnuri.com\\\/producto\\\/pack-por-y-para-17-ejercicios-completos-con-soluciones\\\/\",\"name\":\"Pack \u201cPor y para\u201d \u2013 17 ejercicios completos con soluciones - Spanish with Nuri\",\"isPartOf\":{\"@id\":\"https:\\\/\\\/spanishwithnuri.com\\\/#website\"},\"primaryImageOfPage\":{\"@id\":\"https:\\\/\\\/spanishwithnuri.com\\\/producto\\\/pack-por-y-para-17-ejercicios-completos-con-soluciones\\\/#primaryimage\"},\"image\":{\"@id\":\"https:\\\/\\\/spanishwithnuri.com\\\/producto\\\/pack-por-y-para-17-ejercicios-completos-con-soluciones\\\/#primaryimage\"},\"thumbnailUrl\":\"https:\\\/\\\/spanishwithnuri.com\\\/wp-content\\\/uploads\\\/2025\\\/10\\\/Portada_Por_y_Para.jpg\",\"datePublished\":\"2025-10-14T18:05:53+00:00\",\"breadcrumb\":{\"@id\":\"https:\\\/\\\/spanishwithnuri.com\\\/producto\\\/pack-por-y-para-17-ejercicios-completos-con-soluciones\\\/#breadcrumb\"},\"inLanguage\":\"en-GB\",\"potentialAction\":[{\"@type\":\"ReadAction\",\"target\":[\"https:\\\/\\\/spanishwithnuri.com\\\/producto\\\/pack-por-y-para-17-ejercicios-completos-con-soluciones\\\/\"]}]},{\"@type\":\"ImageObject\",\"inLanguage\":\"en-GB\",\"@id\":\"https:\\\/\\\/spanishwithnuri.com\\\/producto\\\/pack-por-y-para-17-ejercicios-completos-con-soluciones\\\/#primaryimage\",\"url\":\"https:\\\/\\\/spanishwithnuri.com\\\/wp-content\\\/uploads\\\/2025\\\/10\\\/Portada_Por_y_Para.jpg\",\"contentUrl\":\"https:\\\/\\\/spanishwithnuri.com\\\/wp-content\\\/uploads\\\/2025\\\/10\\\/Portada_Por_y_Para.jpg\",\"width\":1365,\"height\":2047},{\"@type\":\"BreadcrumbList\",\"@id\":\"https:\\\/\\\/spanishwithnuri.com\\\/producto\\\/pack-por-y-para-17-ejercicios-completos-con-soluciones\\\/#breadcrumb\",\"itemListElement\":[{\"@type\":\"ListItem\",\"position\":1,\"name\":\"Portada\",\"item\":\"https:\\\/\\\/spanishwithnuri.com\\\/\"},{\"@type\":\"ListItem\",\"position\":2,\"name\":\"Tienda\",\"item\":\"https:\\\/\\\/spanishwithnuri.com\\\/tienda\\\/\"},{\"@type\":\"ListItem\",\"position\":3,\"name\":\"Pack \u201cPor y para\u201d \u2013 17 ejercicios completos con soluciones\"}]},{\"@type\":\"WebSite\",\"@id\":\"https:\\\/\\\/spanishwithnuri.com\\\/#website\",\"url\":\"https:\\\/\\\/spanishwithnuri.com\\\/\",\"name\":\"Spanish with Nuri\",\"description\":\"Materiales descargables para aprender espa\u00f1ol\",\"publisher\":{\"@id\":\"https:\\\/\\\/spanishwithnuri.com\\\/#organization\"},\"potentialAction\":[{\"@type\":\"SearchAction\",\"target\":{\"@type\":\"EntryPoint\",\"urlTemplate\":\"https:\\\/\\\/spanishwithnuri.com\\\/?s={search_term_string}\"},\"query-input\":{\"@type\":\"PropertyValueSpecification\",\"valueRequired\":true,\"valueName\":\"search_term_string\"}}],\"inLanguage\":\"en-GB\"},{\"@type\":\"Organization\",\"@id\":\"https:\\\/\\\/spanishwithnuri.com\\\/#organization\",\"name\":\"Spanish with Nuri\",\"url\":\"https:\\\/\\\/spanishwithnuri.com\\\/\",\"logo\":{\"@type\":\"ImageObject\",\"inLanguage\":\"en-GB\",\"@id\":\"https:\\\/\\\/spanishwithnuri.com\\\/#\\\/schema\\\/logo\\\/image\\\/\",\"url\":\"https:\\\/\\\/spanishwithnuri.com\\\/wp-content\\\/uploads\\\/2025\\\/09\\\/cropped-logo.png\",\"contentUrl\":\"https:\\\/\\\/spanishwithnuri.com\\\/wp-content\\\/uploads\\\/2025\\\/09\\\/cropped-logo.png\",\"width\":460,\"height\":442,\"caption\":\"Spanish with Nuri\"},\"image\":{\"@id\":\"https:\\\/\\\/spanishwithnuri.com\\\/#\\\/schema\\\/logo\\\/image\\\/\"}}]}<\/script>\n<!-- \/ Yoast SEO plugin. -->","yoast_head_json":{"title":"Pack \u201cPor y para\u201d \u2013 17 ejercicios completos con soluciones - Spanish with Nuri","robots":{"index":"index","follow":"follow","max-snippet":"max-snippet:-1","max-image-preview":"max-image-preview:large","max-video-preview":"max-video-preview:-1"},"canonical":"https:\/\/spanishwithnuri.com\/en\/product\/pack-por-y-para-17-ejercicios-completos-con-soluciones\/","og_locale":"en_GB","og_type":"article","og_title":"Pack \u201cPor y para\u201d \u2013 17 ejercicios completos con soluciones - Spanish with Nuri","og_description":"Aprende a usar por y para con este pack completo de 17 ejercicios y soluciones.Incluye di\u00e1logos, mini historias y actividades visuales ideales para niveles A2\u2013B1.","og_url":"https:\/\/spanishwithnuri.com\/en\/product\/pack-por-y-para-17-ejercicios-completos-con-soluciones\/","og_site_name":"Spanish with Nuri","og_image":[{"width":1365,"height":2047,"url":"https:\/\/spanishwithnuri.com\/wp-content\/uploads\/2025\/10\/Portada_Por_y_Para.jpg","type":"image\/jpeg"}],"twitter_card":"summary_large_image","twitter_misc":{"Estimated reading time":"2 minutes"},"schema":{"@context":"https:\/\/schema.org","@graph":[{"@type":"WebPage","@id":"https:\/\/spanishwithnuri.com\/producto\/pack-por-y-para-17-ejercicios-completos-con-soluciones\/","url":"https:\/\/spanishwithnuri.com\/producto\/pack-por-y-para-17-ejercicios-completos-con-soluciones\/","name":"Pack \u201cPor y para\u201d \u2013 17 ejercicios completos con soluciones - Spanish with Nuri","isPartOf":{"@id":"https:\/\/spanishwithnuri.com\/#website"},"primaryImageOfPage":{"@id":"https:\/\/spanishwithnuri.com\/producto\/pack-por-y-para-17-ejercicios-completos-con-soluciones\/#primaryimage"},"image":{"@id":"https:\/\/spanishwithnuri.com\/producto\/pack-por-y-para-17-ejercicios-completos-con-soluciones\/#primaryimage"},"thumbnailUrl":"https:\/\/spanishwithnuri.com\/wp-content\/uploads\/2025\/10\/Portada_Por_y_Para.jpg","datePublished":"2025-10-14T18:05:53+00:00","breadcrumb":{"@id":"https:\/\/spanishwithnuri.com\/producto\/pack-por-y-para-17-ejercicios-completos-con-soluciones\/#breadcrumb"},"inLanguage":"en-GB","potentialAction":[{"@type":"ReadAction","target":["https:\/\/spanishwithnuri.com\/producto\/pack-por-y-para-17-ejercicios-completos-con-soluciones\/"]}]},{"@type":"ImageObject","inLanguage":"en-GB","@id":"https:\/\/spanishwithnuri.com\/producto\/pack-por-y-para-17-ejercicios-completos-con-soluciones\/#primaryimage","url":"https:\/\/spanishwithnuri.com\/wp-content\/uploads\/2025\/10\/Portada_Por_y_Para.jpg","contentUrl":"https:\/\/spanishwithnuri.com\/wp-content\/uploads\/2025\/10\/Portada_Por_y_Para.jpg","width":1365,"height":2047},{"@type":"BreadcrumbList","@id":"https:\/\/spanishwithnuri.com\/producto\/pack-por-y-para-17-ejercicios-completos-con-soluciones\/#breadcrumb","itemListElement":[{"@type":"ListItem","position":1,"name":"Portada","item":"https:\/\/spanishwithnuri.com\/"},{"@type":"ListItem","position":2,"name":"Tienda","item":"https:\/\/spanishwithnuri.com\/tienda\/"},{"@type":"ListItem","position":3,"name":"Pack \u201cPor y para\u201d \u2013 17 ejercicios completos con soluciones"}]},{"@type":"WebSite","@id":"https:\/\/spanishwithnuri.com\/#website","url":"https:\/\/spanishwithnuri.com\/","name":"Spanish with Nuri","description":"Materiales descargables para aprender espa\u00f1ol","publisher":{"@id":"https:\/\/spanishwithnuri.com\/#organization"},"potentialAction":[{"@type":"SearchAction","target":{"@type":"EntryPoint","urlTemplate":"https:\/\/spanishwithnuri.com\/?s={search_term_string}"},"query-input":{"@type":"PropertyValueSpecification","valueRequired":true,"valueName":"search_term_string"}}],"inLanguage":"en-GB"},{"@type":"Organization","@id":"https:\/\/spanishwithnuri.com\/#organization","name":"Spanish with Nuri","url":"https:\/\/spanishwithnuri.com\/","logo":{"@type":"ImageObject","inLanguage":"en-GB","@id":"https:\/\/spanishwithnuri.com\/#\/schema\/logo\/image\/","url":"https:\/\/spanishwithnuri.com\/wp-content\/uploads\/2025\/09\/cropped-logo.png","contentUrl":"https:\/\/spanishwithnuri.com\/wp-content\/uploads\/2025\/09\/cropped-logo.png","width":460,"height":442,"caption":"Spanish with Nuri"},"image":{"@id":"https:\/\/spanishwithnuri.com\/#\/schema\/logo\/image\/"}}]}},"_links":{"self":[{"href":"https:\/\/spanishwithnuri.com\/en\/wp-json\/wp\/v2\/product\/832","targetHints":{"allow":["GET"]}}],"collection":[{"href":"https:\/\/spanishwithnuri.com\/en\/wp-json\/wp\/v2\/product"}],"about":[{"href":"https:\/\/spanishwithnuri.com\/en\/wp-json\/wp\/v2\/types\/product"}],"replies":[{"embeddable":true,"href":"https:\/\/spanishwithnuri.com\/en\/wp-json\/wp\/v2\/comments?post=832"}],"wp:featuredmedia":[{"embeddable":true,"href":"https:\/\/spanishwithnuri.com\/en\/wp-json\/wp\/v2\/media\/834"}],"wp:attachment":[{"href":"https:\/\/spanishwithnuri.com\/en\/wp-json\/wp\/v2\/media?parent=832"}],"wp:term":[{"taxonomy":"product_brand","embeddable":true,"href":"https:\/\/spanishwithnuri.com\/en\/wp-json\/wp\/v2\/product_brand?post=832"},{"taxonomy":"product_cat","embeddable":true,"href":"https:\/\/spanishwithnuri.com\/en\/wp-json\/wp\/v2\/product_cat?post=832"},{"taxonomy":"product_tag","embeddable":true,"href":"https:\/\/spanishwithnuri.com\/en\/wp-json\/wp\/v2\/product_tag?post=832"}],"curies":[{"name":"wp","href":"https:\/\/api.w.org\/{rel}","templated":true}]}}