{"id":814,"date":"2025-10-12T10:16:20","date_gmt":"2025-10-12T10:16:20","guid":{"rendered":"https:\/\/spanishwithnuri.com\/?post_type=product&#038;p=814"},"modified":"2025-10-12T10:16:20","modified_gmt":"2025-10-12T10:16:20","slug":"pack-de-ejercicios-ser-y-estar-nivel-a1","status":"publish","type":"product","link":"https:\/\/spanishwithnuri.com\/en\/product\/pack-de-ejercicios-ser-y-estar-nivel-a1\/","title":{"rendered":"Pack de ejercicios SER y ESTAR \u2014 Nivel A1"},"content":{"rendered":"<p>Aprende a usar correctamente los verbos *ser* y *estar* con este pack visual y progresivo de 12 ejercicios.<br \/>\nIncluye actividades de gram\u00e1tica, comprensi\u00f3n, expresi\u00f3n escrita y di\u00e1logo, adem\u00e1s de soluciones completas.<\/p>\n<p>\ud83d\udd8b\ufe0f Dise\u00f1o original de Spanish with Nuri<br \/>\n\ud83c\udfa8 Estilo kawaii y formato imprimible<br \/>\n\ud83d\udcc4 Incluye: 10 p\u00e1ginas + soluciones + cr\u00e9ditos<br \/>\n\ud83c\udfaf Nivel A1 (principiantes)<\/p>","protected":false},"excerpt":{"rendered":"<p>12 ejercicios ilustrados A1 para practicar SER y ESTAR. PDF descargable<\/p>","protected":false},"featured_media":816,"comment_status":"open","ping_status":"closed","template":"","meta":[],"product_brand":[],"product_cat":[15],"product_tag":[24,23,25,22],"class_list":{"0":"post-814","1":"product","2":"type-product","3":"status-publish","4":"has-post-thumbnail","6":"product_cat-sin-categorizar","7":"product_tag-ejercicios","8":"product_tag-nivel-a1","9":"product_tag-pdf","10":"product_tag-ser-y-estar","12":"first","13":"instock","14":"downloadable","15":"virtual","16":"purchasable","17":"product-type-simple"},"yoast_head":"<!-- This site is optimized with the Yoast SEO plugin v27.3 - https:\/\/yoast.com\/product\/yoast-seo-wordpress\/ -->\n<title>Pack de ejercicios SER y ESTAR \u2014 Nivel A1 - Spanish with Nuri<\/title>\n<meta name=\"robots\" content=\"index, follow, max-snippet:-1, max-image-preview:large, max-video-preview:-1\" \/>\n<link rel=\"canonical\" href=\"https:\/\/spanishwithnuri.com\/en\/product\/pack-de-ejercicios-ser-y-estar-nivel-a1\/\" \/>\n<meta property=\"og:locale\" content=\"en_GB\" \/>\n<meta property=\"og:type\" content=\"article\" \/>\n<meta property=\"og:title\" content=\"Pack de ejercicios SER y ESTAR \u2014 Nivel A1 - Spanish with Nuri\" \/>\n<meta property=\"og:description\" content=\"12 ejercicios ilustrados A1 para practicar SER y ESTAR. PDF descargable\" \/>\n<meta property=\"og:url\" content=\"https:\/\/spanishwithnuri.com\/en\/product\/pack-de-ejercicios-ser-y-estar-nivel-a1\/\" \/>\n<meta property=\"og:site_name\" content=\"Spanish with Nuri\" \/>\n<meta property=\"og:image\" content=\"https:\/\/spanishwithnuri.com\/wp-content\/uploads\/2025\/10\/9ee0225f-f0ca-4a59-bbd6-a6a1583406be.png\" \/>\n\t<meta property=\"og:image:width\" content=\"1365\" \/>\n\t<meta property=\"og:image:height\" content=\"2047\" \/>\n\t<meta property=\"og:image:type\" content=\"image\/png\" \/>\n<meta name=\"twitter:card\" content=\"summary_large_image\" \/>\n<meta name=\"twitter:label1\" content=\"Estimated reading time\" \/>\n\t<meta name=\"twitter:data1\" content=\"1 minute\" \/>\n<script type=\"application\/ld+json\" class=\"yoast-schema-graph\">{\"@context\":\"https:\\\/\\\/schema.org\",\"@graph\":[{\"@type\":\"WebPage\",\"@id\":\"https:\\\/\\\/spanishwithnuri.com\\\/producto\\\/pack-de-ejercicios-ser-y-estar-nivel-a1\\\/\",\"url\":\"https:\\\/\\\/spanishwithnuri.com\\\/producto\\\/pack-de-ejercicios-ser-y-estar-nivel-a1\\\/\",\"name\":\"Pack de ejercicios SER y ESTAR \u2014 Nivel A1 - Spanish with Nuri\",\"isPartOf\":{\"@id\":\"https:\\\/\\\/spanishwithnuri.com\\\/#website\"},\"primaryImageOfPage\":{\"@id\":\"https:\\\/\\\/spanishwithnuri.com\\\/producto\\\/pack-de-ejercicios-ser-y-estar-nivel-a1\\\/#primaryimage\"},\"image\":{\"@id\":\"https:\\\/\\\/spanishwithnuri.com\\\/producto\\\/pack-de-ejercicios-ser-y-estar-nivel-a1\\\/#primaryimage\"},\"thumbnailUrl\":\"https:\\\/\\\/spanishwithnuri.com\\\/wp-content\\\/uploads\\\/2025\\\/10\\\/9ee0225f-f0ca-4a59-bbd6-a6a1583406be.png\",\"datePublished\":\"2025-10-12T10:16:20+00:00\",\"breadcrumb\":{\"@id\":\"https:\\\/\\\/spanishwithnuri.com\\\/producto\\\/pack-de-ejercicios-ser-y-estar-nivel-a1\\\/#breadcrumb\"},\"inLanguage\":\"en-GB\",\"potentialAction\":[{\"@type\":\"ReadAction\",\"target\":[\"https:\\\/\\\/spanishwithnuri.com\\\/producto\\\/pack-de-ejercicios-ser-y-estar-nivel-a1\\\/\"]}]},{\"@type\":\"ImageObject\",\"inLanguage\":\"en-GB\",\"@id\":\"https:\\\/\\\/spanishwithnuri.com\\\/producto\\\/pack-de-ejercicios-ser-y-estar-nivel-a1\\\/#primaryimage\",\"url\":\"https:\\\/\\\/spanishwithnuri.com\\\/wp-content\\\/uploads\\\/2025\\\/10\\\/9ee0225f-f0ca-4a59-bbd6-a6a1583406be.png\",\"contentUrl\":\"https:\\\/\\\/spanishwithnuri.com\\\/wp-content\\\/uploads\\\/2025\\\/10\\\/9ee0225f-f0ca-4a59-bbd6-a6a1583406be.png\",\"width\":1365,\"height\":2047},{\"@type\":\"BreadcrumbList\",\"@id\":\"https:\\\/\\\/spanishwithnuri.com\\\/producto\\\/pack-de-ejercicios-ser-y-estar-nivel-a1\\\/#breadcrumb\",\"itemListElement\":[{\"@type\":\"ListItem\",\"position\":1,\"name\":\"Portada\",\"item\":\"https:\\\/\\\/spanishwithnuri.com\\\/\"},{\"@type\":\"ListItem\",\"position\":2,\"name\":\"Tienda\",\"item\":\"https:\\\/\\\/spanishwithnuri.com\\\/tienda\\\/\"},{\"@type\":\"ListItem\",\"position\":3,\"name\":\"Pack de ejercicios SER y ESTAR \u2014 Nivel A1\"}]},{\"@type\":\"WebSite\",\"@id\":\"https:\\\/\\\/spanishwithnuri.com\\\/#website\",\"url\":\"https:\\\/\\\/spanishwithnuri.com\\\/\",\"name\":\"Spanish with Nuri\",\"description\":\"Materiales descargables para aprender espa\u00f1ol\",\"publisher\":{\"@id\":\"https:\\\/\\\/spanishwithnuri.com\\\/#organization\"},\"potentialAction\":[{\"@type\":\"SearchAction\",\"target\":{\"@type\":\"EntryPoint\",\"urlTemplate\":\"https:\\\/\\\/spanishwithnuri.com\\\/?s={search_term_string}\"},\"query-input\":{\"@type\":\"PropertyValueSpecification\",\"valueRequired\":true,\"valueName\":\"search_term_string\"}}],\"inLanguage\":\"en-GB\"},{\"@type\":\"Organization\",\"@id\":\"https:\\\/\\\/spanishwithnuri.com\\\/#organization\",\"name\":\"Spanish with Nuri\",\"url\":\"https:\\\/\\\/spanishwithnuri.com\\\/\",\"logo\":{\"@type\":\"ImageObject\",\"inLanguage\":\"en-GB\",\"@id\":\"https:\\\/\\\/spanishwithnuri.com\\\/#\\\/schema\\\/logo\\\/image\\\/\",\"url\":\"https:\\\/\\\/spanishwithnuri.com\\\/wp-content\\\/uploads\\\/2025\\\/09\\\/cropped-logo.png\",\"contentUrl\":\"https:\\\/\\\/spanishwithnuri.com\\\/wp-content\\\/uploads\\\/2025\\\/09\\\/cropped-logo.png\",\"width\":460,\"height\":442,\"caption\":\"Spanish with Nuri\"},\"image\":{\"@id\":\"https:\\\/\\\/spanishwithnuri.com\\\/#\\\/schema\\\/logo\\\/image\\\/\"}}]}<\/script>\n<!-- \/ Yoast SEO plugin. -->","yoast_head_json":{"title":"Pack de ejercicios SER y ESTAR \u2014 Nivel A1 - Spanish with Nuri","robots":{"index":"index","follow":"follow","max-snippet":"max-snippet:-1","max-image-preview":"max-image-preview:large","max-video-preview":"max-video-preview:-1"},"canonical":"https:\/\/spanishwithnuri.com\/en\/product\/pack-de-ejercicios-ser-y-estar-nivel-a1\/","og_locale":"en_GB","og_type":"article","og_title":"Pack de ejercicios SER y ESTAR \u2014 Nivel A1 - Spanish with Nuri","og_description":"12 ejercicios ilustrados A1 para practicar SER y ESTAR. PDF descargable","og_url":"https:\/\/spanishwithnuri.com\/en\/product\/pack-de-ejercicios-ser-y-estar-nivel-a1\/","og_site_name":"Spanish with Nuri","og_image":[{"width":1365,"height":2047,"url":"https:\/\/spanishwithnuri.com\/wp-content\/uploads\/2025\/10\/9ee0225f-f0ca-4a59-bbd6-a6a1583406be.png","type":"image\/png"}],"twitter_card":"summary_large_image","twitter_misc":{"Estimated reading time":"1 minute"},"schema":{"@context":"https:\/\/schema.org","@graph":[{"@type":"WebPage","@id":"https:\/\/spanishwithnuri.com\/producto\/pack-de-ejercicios-ser-y-estar-nivel-a1\/","url":"https:\/\/spanishwithnuri.com\/producto\/pack-de-ejercicios-ser-y-estar-nivel-a1\/","name":"Pack de ejercicios SER y ESTAR \u2014 Nivel A1 - Spanish with Nuri","isPartOf":{"@id":"https:\/\/spanishwithnuri.com\/#website"},"primaryImageOfPage":{"@id":"https:\/\/spanishwithnuri.com\/producto\/pack-de-ejercicios-ser-y-estar-nivel-a1\/#primaryimage"},"image":{"@id":"https:\/\/spanishwithnuri.com\/producto\/pack-de-ejercicios-ser-y-estar-nivel-a1\/#primaryimage"},"thumbnailUrl":"https:\/\/spanishwithnuri.com\/wp-content\/uploads\/2025\/10\/9ee0225f-f0ca-4a59-bbd6-a6a1583406be.png","datePublished":"2025-10-12T10:16:20+00:00","breadcrumb":{"@id":"https:\/\/spanishwithnuri.com\/producto\/pack-de-ejercicios-ser-y-estar-nivel-a1\/#breadcrumb"},"inLanguage":"en-GB","potentialAction":[{"@type":"ReadAction","target":["https:\/\/spanishwithnuri.com\/producto\/pack-de-ejercicios-ser-y-estar-nivel-a1\/"]}]},{"@type":"ImageObject","inLanguage":"en-GB","@id":"https:\/\/spanishwithnuri.com\/producto\/pack-de-ejercicios-ser-y-estar-nivel-a1\/#primaryimage","url":"https:\/\/spanishwithnuri.com\/wp-content\/uploads\/2025\/10\/9ee0225f-f0ca-4a59-bbd6-a6a1583406be.png","contentUrl":"https:\/\/spanishwithnuri.com\/wp-content\/uploads\/2025\/10\/9ee0225f-f0ca-4a59-bbd6-a6a1583406be.png","width":1365,"height":2047},{"@type":"BreadcrumbList","@id":"https:\/\/spanishwithnuri.com\/producto\/pack-de-ejercicios-ser-y-estar-nivel-a1\/#breadcrumb","itemListElement":[{"@type":"ListItem","position":1,"name":"Portada","item":"https:\/\/spanishwithnuri.com\/"},{"@type":"ListItem","position":2,"name":"Tienda","item":"https:\/\/spanishwithnuri.com\/tienda\/"},{"@type":"ListItem","position":3,"name":"Pack de ejercicios SER y ESTAR \u2014 Nivel A1"}]},{"@type":"WebSite","@id":"https:\/\/spanishwithnuri.com\/#website","url":"https:\/\/spanishwithnuri.com\/","name":"Spanish with Nuri","description":"Materiales descargables para aprender espa\u00f1ol","publisher":{"@id":"https:\/\/spanishwithnuri.com\/#organization"},"potentialAction":[{"@type":"SearchAction","target":{"@type":"EntryPoint","urlTemplate":"https:\/\/spanishwithnuri.com\/?s={search_term_string}"},"query-input":{"@type":"PropertyValueSpecification","valueRequired":true,"valueName":"search_term_string"}}],"inLanguage":"en-GB"},{"@type":"Organization","@id":"https:\/\/spanishwithnuri.com\/#organization","name":"Spanish with Nuri","url":"https:\/\/spanishwithnuri.com\/","logo":{"@type":"ImageObject","inLanguage":"en-GB","@id":"https:\/\/spanishwithnuri.com\/#\/schema\/logo\/image\/","url":"https:\/\/spanishwithnuri.com\/wp-content\/uploads\/2025\/09\/cropped-logo.png","contentUrl":"https:\/\/spanishwithnuri.com\/wp-content\/uploads\/2025\/09\/cropped-logo.png","width":460,"height":442,"caption":"Spanish with Nuri"},"image":{"@id":"https:\/\/spanishwithnuri.com\/#\/schema\/logo\/image\/"}}]}},"_links":{"self":[{"href":"https:\/\/spanishwithnuri.com\/en\/wp-json\/wp\/v2\/product\/814","targetHints":{"allow":["GET"]}}],"collection":[{"href":"https:\/\/spanishwithnuri.com\/en\/wp-json\/wp\/v2\/product"}],"about":[{"href":"https:\/\/spanishwithnuri.com\/en\/wp-json\/wp\/v2\/types\/product"}],"replies":[{"embeddable":true,"href":"https:\/\/spanishwithnuri.com\/en\/wp-json\/wp\/v2\/comments?post=814"}],"wp:featuredmedia":[{"embeddable":true,"href":"https:\/\/spanishwithnuri.com\/en\/wp-json\/wp\/v2\/media\/816"}],"wp:attachment":[{"href":"https:\/\/spanishwithnuri.com\/en\/wp-json\/wp\/v2\/media?parent=814"}],"wp:term":[{"taxonomy":"product_brand","embeddable":true,"href":"https:\/\/spanishwithnuri.com\/en\/wp-json\/wp\/v2\/product_brand?post=814"},{"taxonomy":"product_cat","embeddable":true,"href":"https:\/\/spanishwithnuri.com\/en\/wp-json\/wp\/v2\/product_cat?post=814"},{"taxonomy":"product_tag","embeddable":true,"href":"https:\/\/spanishwithnuri.com\/en\/wp-json\/wp\/v2\/product_tag?post=814"}],"curies":[{"name":"wp","href":"https:\/\/api.w.org\/{rel}","templated":true}]}}