{"id":38,"date":"2025-08-01T13:13:23","date_gmt":"2025-08-01T13:13:23","guid":{"rendered":"https:\/\/spanishwithnuri.rkinformatika.online\/?page_id=38"},"modified":"2025-10-06T10:32:59","modified_gmt":"2025-10-06T10:32:59","slug":"politicas-de-devoluciones-y-reembolsos","status":"publish","type":"page","link":"https:\/\/spanishwithnuri.com\/en\/politicas-de-devoluciones-y-reembolsos\/","title":{"rendered":"Return and Refund Policies"},"content":{"rendered":"<div data-elementor-type=\"wp-page\" data-elementor-id=\"38\" class=\"elementor elementor-38\" data-elementor-post-type=\"page\">\n\t\t\t\t<div class=\"elementor-element elementor-element-c3ddf0c e-flex e-con-boxed e-con e-parent\" data-id=\"c3ddf0c\" data-element_type=\"container\" data-e-type=\"container\">\n\t\t\t\t\t<div class=\"e-con-inner\">\n\t\t\t\t<div class=\"elementor-element elementor-element-255cc0f elementor-widget elementor-widget-text-editor\" data-id=\"255cc0f\" data-element_type=\"widget\" data-e-type=\"widget\" data-widget_type=\"text-editor.default\">\n\t\t\t\t\t\t\t\t\t<h1><b>Pol\u00edtica de Devoluciones<\/b><\/h1><p>En Spanish with Nuri todos los productos ofrecidos son recursos digitales descargables (PDF u otros formatos electr\u00f3nicos).<br \/>Por este motivo, no se admiten devoluciones ni reembolsos una vez realizada la compra, ya que el acceso al contenido es inmediato.<\/p><p>Te recomendamos leer con atenci\u00f3n la descripci\u00f3n de cada pack antes de comprarlo.<br \/>Si tienes cualquier duda sobre el contenido o su nivel, puedes escribirnos a trav\u00e9s del formulario de contacto: estaremos encantados de ayudarte.<\/p><p>En caso de problemas t\u00e9cnicos (por ejemplo, un enlace de descarga incorrecto o un archivo da\u00f1ado), cont\u00e1ctanos en un plazo m\u00e1ximo de 7 d\u00edas desde la compra. Revisaremos el caso y te enviaremos el material correcto sin coste adicional.<\/p><p>Gracias por confiar en Spanish with Nuri y por apoyar el trabajo independiente de creaci\u00f3n de materiales educativos.<\/p>\t\t\t\t\t\t\t\t<\/div>\n\t\t\t\t\t<\/div>\n\t\t\t\t<\/div>\n\t\t\t\t<\/div>","protected":false},"excerpt":{"rendered":"<p>Pol\u00edtica de Devoluciones En Spanish with Nuri todos los productos ofrecidos son recursos digitales descargables (PDF u otros formatos electr\u00f3nicos).Por este motivo, no se admiten devoluciones ni reembolsos una vez realizada la compra, ya que el acceso al contenido es inmediato. Te recomendamos leer con atenci\u00f3n la descripci\u00f3n de cada pack antes de comprarlo.Si tienes [&hellip;]<\/p>\n","protected":false},"author":1,"featured_media":0,"parent":0,"menu_order":0,"comment_status":"closed","ping_status":"closed","template":"elementor_canvas","meta":{"footnotes":""},"class_list":["post-38","page","type-page","status-publish","hentry"],"yoast_head":"<!-- This site is optimized with the Yoast SEO plugin v27.3 - https:\/\/yoast.com\/product\/yoast-seo-wordpress\/ -->\n<title>Pol\u00edticas de Devoluciones y Reembolsos - Spanish with Nuri<\/title>\n<meta name=\"robots\" content=\"index, follow, max-snippet:-1, max-image-preview:large, max-video-preview:-1\" \/>\n<link rel=\"canonical\" href=\"https:\/\/spanishwithnuri.com\/en\/politicas-de-devoluciones-y-reembolsos\/\" \/>\n<meta property=\"og:locale\" content=\"en_GB\" \/>\n<meta property=\"og:type\" content=\"article\" \/>\n<meta property=\"og:title\" content=\"Pol\u00edticas de Devoluciones y Reembolsos - Spanish with Nuri\" \/>\n<meta property=\"og:description\" content=\"Pol\u00edtica de Devoluciones En Spanish with Nuri todos los productos ofrecidos son recursos digitales descargables (PDF u otros formatos electr\u00f3nicos).Por este motivo, no se admiten devoluciones ni reembolsos una vez realizada la compra, ya que el acceso al contenido es inmediato. Te recomendamos leer con atenci\u00f3n la descripci\u00f3n de cada pack antes de comprarlo.Si tienes [&hellip;]\" \/>\n<meta property=\"og:url\" content=\"https:\/\/spanishwithnuri.com\/en\/politicas-de-devoluciones-y-reembolsos\/\" \/>\n<meta property=\"og:site_name\" content=\"Spanish with Nuri\" \/>\n<meta property=\"article:modified_time\" content=\"2025-10-06T10:32:59+00:00\" \/>\n<meta name=\"twitter:card\" content=\"summary_large_image\" \/>\n<meta name=\"twitter:label1\" content=\"Estimated reading time\" \/>\n\t<meta name=\"twitter:data1\" content=\"1 minute\" \/>\n<script type=\"application\/ld+json\" class=\"yoast-schema-graph\">{\"@context\":\"https:\\\/\\\/schema.org\",\"@graph\":[{\"@type\":\"WebPage\",\"@id\":\"https:\\\/\\\/spanishwithnuri.com\\\/politicas-de-devoluciones-y-reembolsos\\\/\",\"url\":\"https:\\\/\\\/spanishwithnuri.com\\\/politicas-de-devoluciones-y-reembolsos\\\/\",\"name\":\"Pol\u00edticas de Devoluciones y Reembolsos - Spanish with Nuri\",\"isPartOf\":{\"@id\":\"https:\\\/\\\/spanishwithnuri.com\\\/#website\"},\"datePublished\":\"2025-08-01T13:13:23+00:00\",\"dateModified\":\"2025-10-06T10:32:59+00:00\",\"breadcrumb\":{\"@id\":\"https:\\\/\\\/spanishwithnuri.com\\\/politicas-de-devoluciones-y-reembolsos\\\/#breadcrumb\"},\"inLanguage\":\"en-GB\",\"potentialAction\":[{\"@type\":\"ReadAction\",\"target\":[\"https:\\\/\\\/spanishwithnuri.com\\\/politicas-de-devoluciones-y-reembolsos\\\/\"]}]},{\"@type\":\"BreadcrumbList\",\"@id\":\"https:\\\/\\\/spanishwithnuri.com\\\/politicas-de-devoluciones-y-reembolsos\\\/#breadcrumb\",\"itemListElement\":[{\"@type\":\"ListItem\",\"position\":1,\"name\":\"Portada\",\"item\":\"https:\\\/\\\/spanishwithnuri.com\\\/\"},{\"@type\":\"ListItem\",\"position\":2,\"name\":\"Pol\u00edticas de Devoluciones y Reembolsos\"}]},{\"@type\":\"WebSite\",\"@id\":\"https:\\\/\\\/spanishwithnuri.com\\\/#website\",\"url\":\"https:\\\/\\\/spanishwithnuri.com\\\/\",\"name\":\"Spanish with Nuri\",\"description\":\"Materiales descargables para aprender espa\u00f1ol\",\"publisher\":{\"@id\":\"https:\\\/\\\/spanishwithnuri.com\\\/#organization\"},\"potentialAction\":[{\"@type\":\"SearchAction\",\"target\":{\"@type\":\"EntryPoint\",\"urlTemplate\":\"https:\\\/\\\/spanishwithnuri.com\\\/?s={search_term_string}\"},\"query-input\":{\"@type\":\"PropertyValueSpecification\",\"valueRequired\":true,\"valueName\":\"search_term_string\"}}],\"inLanguage\":\"en-GB\"},{\"@type\":\"Organization\",\"@id\":\"https:\\\/\\\/spanishwithnuri.com\\\/#organization\",\"name\":\"Spanish with Nuri\",\"url\":\"https:\\\/\\\/spanishwithnuri.com\\\/\",\"logo\":{\"@type\":\"ImageObject\",\"inLanguage\":\"en-GB\",\"@id\":\"https:\\\/\\\/spanishwithnuri.com\\\/#\\\/schema\\\/logo\\\/image\\\/\",\"url\":\"https:\\\/\\\/spanishwithnuri.com\\\/wp-content\\\/uploads\\\/2025\\\/09\\\/cropped-logo.png\",\"contentUrl\":\"https:\\\/\\\/spanishwithnuri.com\\\/wp-content\\\/uploads\\\/2025\\\/09\\\/cropped-logo.png\",\"width\":460,\"height\":442,\"caption\":\"Spanish with Nuri\"},\"image\":{\"@id\":\"https:\\\/\\\/spanishwithnuri.com\\\/#\\\/schema\\\/logo\\\/image\\\/\"}}]}<\/script>\n<!-- \/ Yoast SEO plugin. -->","yoast_head_json":{"title":"Pol\u00edticas de Devoluciones y Reembolsos - Spanish with Nuri","robots":{"index":"index","follow":"follow","max-snippet":"max-snippet:-1","max-image-preview":"max-image-preview:large","max-video-preview":"max-video-preview:-1"},"canonical":"https:\/\/spanishwithnuri.com\/en\/politicas-de-devoluciones-y-reembolsos\/","og_locale":"en_GB","og_type":"article","og_title":"Pol\u00edticas de Devoluciones y Reembolsos - Spanish with Nuri","og_description":"Pol\u00edtica de Devoluciones En Spanish with Nuri todos los productos ofrecidos son recursos digitales descargables (PDF u otros formatos electr\u00f3nicos).Por este motivo, no se admiten devoluciones ni reembolsos una vez realizada la compra, ya que el acceso al contenido es inmediato. Te recomendamos leer con atenci\u00f3n la descripci\u00f3n de cada pack antes de comprarlo.Si tienes [&hellip;]","og_url":"https:\/\/spanishwithnuri.com\/en\/politicas-de-devoluciones-y-reembolsos\/","og_site_name":"Spanish with Nuri","article_modified_time":"2025-10-06T10:32:59+00:00","twitter_card":"summary_large_image","twitter_misc":{"Estimated reading time":"1 minute"},"schema":{"@context":"https:\/\/schema.org","@graph":[{"@type":"WebPage","@id":"https:\/\/spanishwithnuri.com\/politicas-de-devoluciones-y-reembolsos\/","url":"https:\/\/spanishwithnuri.com\/politicas-de-devoluciones-y-reembolsos\/","name":"Pol\u00edticas de Devoluciones y Reembolsos - Spanish with Nuri","isPartOf":{"@id":"https:\/\/spanishwithnuri.com\/#website"},"datePublished":"2025-08-01T13:13:23+00:00","dateModified":"2025-10-06T10:32:59+00:00","breadcrumb":{"@id":"https:\/\/spanishwithnuri.com\/politicas-de-devoluciones-y-reembolsos\/#breadcrumb"},"inLanguage":"en-GB","potentialAction":[{"@type":"ReadAction","target":["https:\/\/spanishwithnuri.com\/politicas-de-devoluciones-y-reembolsos\/"]}]},{"@type":"BreadcrumbList","@id":"https:\/\/spanishwithnuri.com\/politicas-de-devoluciones-y-reembolsos\/#breadcrumb","itemListElement":[{"@type":"ListItem","position":1,"name":"Portada","item":"https:\/\/spanishwithnuri.com\/"},{"@type":"ListItem","position":2,"name":"Pol\u00edticas de Devoluciones y Reembolsos"}]},{"@type":"WebSite","@id":"https:\/\/spanishwithnuri.com\/#website","url":"https:\/\/spanishwithnuri.com\/","name":"Spanish with Nuri","description":"Materiales descargables para aprender espa\u00f1ol","publisher":{"@id":"https:\/\/spanishwithnuri.com\/#organization"},"potentialAction":[{"@type":"SearchAction","target":{"@type":"EntryPoint","urlTemplate":"https:\/\/spanishwithnuri.com\/?s={search_term_string}"},"query-input":{"@type":"PropertyValueSpecification","valueRequired":true,"valueName":"search_term_string"}}],"inLanguage":"en-GB"},{"@type":"Organization","@id":"https:\/\/spanishwithnuri.com\/#organization","name":"Spanish with Nuri","url":"https:\/\/spanishwithnuri.com\/","logo":{"@type":"ImageObject","inLanguage":"en-GB","@id":"https:\/\/spanishwithnuri.com\/#\/schema\/logo\/image\/","url":"https:\/\/spanishwithnuri.com\/wp-content\/uploads\/2025\/09\/cropped-logo.png","contentUrl":"https:\/\/spanishwithnuri.com\/wp-content\/uploads\/2025\/09\/cropped-logo.png","width":460,"height":442,"caption":"Spanish with Nuri"},"image":{"@id":"https:\/\/spanishwithnuri.com\/#\/schema\/logo\/image\/"}}]}},"_links":{"self":[{"href":"https:\/\/spanishwithnuri.com\/en\/wp-json\/wp\/v2\/pages\/38","targetHints":{"allow":["GET"]}}],"collection":[{"href":"https:\/\/spanishwithnuri.com\/en\/wp-json\/wp\/v2\/pages"}],"about":[{"href":"https:\/\/spanishwithnuri.com\/en\/wp-json\/wp\/v2\/types\/page"}],"author":[{"embeddable":true,"href":"https:\/\/spanishwithnuri.com\/en\/wp-json\/wp\/v2\/users\/1"}],"replies":[{"embeddable":true,"href":"https:\/\/spanishwithnuri.com\/en\/wp-json\/wp\/v2\/comments?post=38"}],"version-history":[{"count":19,"href":"https:\/\/spanishwithnuri.com\/en\/wp-json\/wp\/v2\/pages\/38\/revisions"}],"predecessor-version":[{"id":801,"href":"https:\/\/spanishwithnuri.com\/en\/wp-json\/wp\/v2\/pages\/38\/revisions\/801"}],"wp:attachment":[{"href":"https:\/\/spanishwithnuri.com\/en\/wp-json\/wp\/v2\/media?parent=38"}],"curies":[{"name":"wp","href":"https:\/\/api.w.org\/{rel}","templated":true}]}}